{"id":4849,"date":"2020-11-03T09:37:40","date_gmt":"2020-11-03T08:37:40","guid":{"rendered":"https:\/\/www.acc-solutions.ch\/?page_id=4849"},"modified":"2024-09-18T15:08:57","modified_gmt":"2024-09-18T13:08:57","slug":"software","status":"publish","type":"page","link":"https:\/\/www.acc-solutions.ch\/de\/software\/","title":{"rendered":"Software"},"content":{"rendered":"\t\t<div data-elementor-type=\"wp-page\" data-elementor-id=\"4849\" class=\"elementor elementor-4849\" data-elementor-post-type=\"page\">\n\t\t\t\t\t\t<section class=\"elementor-section elementor-top-section elementor-element elementor-element-2d889d7 elementor-section-boxed elementor-section-height-default elementor-section-height-default\" data-id=\"2d889d7\" data-element_type=\"section\" data-e-type=\"section\">\n\t\t\t\t\t\t<div class=\"elementor-container elementor-column-gap-default\">\n\t\t\t\t\t<div class=\"elementor-column elementor-col-100 elementor-top-column elementor-element elementor-element-dea4b26\" data-id=\"dea4b26\" data-element_type=\"column\" data-e-type=\"column\">\n\t\t\t<div class=\"elementor-widget-wrap elementor-element-populated\">\n\t\t\t\t\t\t<div class=\"elementor-element elementor-element-4e967f7 elementor-position-top elementor-widget elementor-widget-image-box\" data-id=\"4e967f7\" data-element_type=\"widget\" data-e-type=\"widget\" data-widget_type=\"image-box.default\">\n\t\t\t\t<div class=\"elementor-widget-container\">\n\t\t\t\t\t<div class=\"elementor-image-box-wrapper\"><figure class=\"elementor-image-box-img\"><img decoding=\"async\" width=\"340\" height=\"48\" src=\"https:\/\/www.acc-solutions.ch\/wp-content\/uploads\/2023\/11\/sclogo.png\" class=\"attachment-full size-full wp-image-6243\" alt=\"\" srcset=\"https:\/\/www.acc-solutions.ch\/wp-content\/uploads\/2023\/11\/sclogo.png 340w, https:\/\/www.acc-solutions.ch\/wp-content\/uploads\/2023\/11\/sclogo-300x42.png 300w, https:\/\/www.acc-solutions.ch\/wp-content\/uploads\/2023\/11\/sclogo-18x3.png 18w\" sizes=\"(max-width: 340px) 100vw, 340px\" \/><\/figure><div class=\"elementor-image-box-content\"><h3 class=\"elementor-image-box-title\">Top Kunden-Service Business L\u00f6sung, massgeschneidert f\u00fcr Ihre Wertsch\u00f6pfungskette, mehr als nur Software! Know-how inklusive, als Software as a Service in 1-2 Wochen live f\u00fcr Ihre Prozesse<\/h3><p class=\"elementor-image-box-description\"><br>\nFehlende Transparenz, zuviel Software und zuwenig \u00dcbersicht? Mit dem Service Champion k\u00f6nnen Ihre vorhandenen System einfach eingebunden werden. Sie erhalten eine 360 Grad Sicht auf Ihre Daten und KPIs z.B. in Cockpits. Mehr Effizienz durch Transparenz. Als SaaS Software as a Service oder lokal bei Ihnen. Lernen Sie von acc solutions und unseren Kunden... F\u00fcr Ihre Prozesse - Informationen zum Service Champion: Service Champion \u2013 acc solutions (acc-solutions.ch)\u00a0\nUnd... Hier loggen Sie ein (nur registrierte Benutzer): https:\/\/www.servicechampion.com\n<\/p><\/div><\/div>\t\t\t\t<\/div>\n\t\t\t\t<\/div>\n\t\t\t\t\t<\/div>\n\t\t<\/div>\n\t\t\t\t\t<\/div>\n\t\t<\/section>\n\t\t\t\t<section class=\"elementor-section elementor-top-section elementor-element elementor-element-d597e64 elementor-section-boxed elementor-section-height-default elementor-section-height-default\" data-id=\"d597e64\" data-element_type=\"section\" data-e-type=\"section\">\n\t\t\t\t\t\t<div class=\"elementor-container elementor-column-gap-default\">\n\t\t\t\t\t<div class=\"elementor-column elementor-col-100 elementor-top-column elementor-element elementor-element-4d1cc8d\" data-id=\"4d1cc8d\" data-element_type=\"column\" data-e-type=\"column\">\n\t\t\t<div class=\"elementor-widget-wrap elementor-element-populated\">\n\t\t\t\t\t\t<div class=\"elementor-element elementor-element-b68121f elementor-position-top elementor-widget elementor-widget-image-box\" data-id=\"b68121f\" data-element_type=\"widget\" data-e-type=\"widget\" data-widget_type=\"image-box.default\">\n\t\t\t\t<div class=\"elementor-widget-container\">\n\t\t\t\t\t<div class=\"elementor-image-box-wrapper\"><figure class=\"elementor-image-box-img\"><img decoding=\"async\" width=\"300\" height=\"111\" src=\"https:\/\/www.acc-solutions.ch\/wp-content\/uploads\/2023\/11\/3CX-Logo_1-300x111.png\" class=\"attachment-medium size-medium wp-image-6242\" alt=\"\" srcset=\"https:\/\/www.acc-solutions.ch\/wp-content\/uploads\/2023\/11\/3CX-Logo_1-300x111.png 300w, https:\/\/www.acc-solutions.ch\/wp-content\/uploads\/2023\/11\/3CX-Logo_1-1024x380.png 1024w, https:\/\/www.acc-solutions.ch\/wp-content\/uploads\/2023\/11\/3CX-Logo_1-768x285.png 768w, https:\/\/www.acc-solutions.ch\/wp-content\/uploads\/2023\/11\/3CX-Logo_1-1536x571.png 1536w, https:\/\/www.acc-solutions.ch\/wp-content\/uploads\/2023\/11\/3CX-Logo_1-2048x761.png 2048w, https:\/\/www.acc-solutions.ch\/wp-content\/uploads\/2023\/11\/3CX-Logo_1-18x7.png 18w, https:\/\/www.acc-solutions.ch\/wp-content\/uploads\/2023\/11\/3CX-Logo_1-1440x535.png 1440w\" sizes=\"(max-width: 300px) 100vw, 300px\" \/><\/figure><div class=\"elementor-image-box-content\"><h3 class=\"elementor-image-box-title\">Telefonie Zentrale im Internet, Firmennummer (Festnetz) auf dem Smartphone  verf\u00fcgbar, aus der ganzen Welt mit der eigenen Festnetznummer anrufen<\/h3><p class=\"elementor-image-box-description\"><br>\nM\u00f6chten Sie Ihre Firmentelefonie modernisieren? M\u00f6chten Sie von \u00fcberall auf der Welt ab dem Smartphone oder Laptop mit Ihrer Festnetznummer telefonieren k\u00f6nnen? M\u00f6chten Sie ihre Telco Kosten reduzieren? M\u00f6chten Sie einfach Team oder Kunden-Calls (Telefon Konferenzen) aufschalten?<br>Dann ist die Voice over IP L\u00f6sung mittels 3CX genau das richtige f\u00fcr Sie. Live demo jederzeit m\u00f6glich. 100% Integration in Service Champion und QR-Link Service Portal. Click-to-dial ab dem Kundenblatt oder E-Mail. Dial-in-Pop-up bei Anruf \u00f6ffnet direkt das Kundenblatt im Service Champion. Effizienz f\u00fcr alle im Team \u00fcberall in der Welt.Und... Hier loggen Sie ein (nur registrierte Benutzer): https:\/\/www.servicechampion.com\n<\/p><\/div><\/div>\t\t\t\t<\/div>\n\t\t\t\t<\/div>\n\t\t\t\t\t<\/div>\n\t\t<\/div>\n\t\t\t\t\t<\/div>\n\t\t<\/section>\n\t\t\t\t<section class=\"elementor-section elementor-top-section elementor-element elementor-element-f3c5b4e elementor-section-boxed elementor-section-height-default elementor-section-height-default\" data-id=\"f3c5b4e\" data-element_type=\"section\" data-e-type=\"section\">\n\t\t\t\t\t\t<div class=\"elementor-container elementor-column-gap-default\">\n\t\t\t\t\t<div class=\"elementor-column elementor-col-100 elementor-top-column elementor-element elementor-element-e1b404b\" data-id=\"e1b404b\" data-element_type=\"column\" data-e-type=\"column\">\n\t\t\t<div class=\"elementor-widget-wrap elementor-element-populated\">\n\t\t\t\t\t\t<div class=\"elementor-element elementor-element-76b2545 elementor-position-top elementor-widget elementor-widget-image-box\" data-id=\"76b2545\" data-element_type=\"widget\" data-e-type=\"widget\" data-widget_type=\"image-box.default\">\n\t\t\t\t<div class=\"elementor-widget-container\">\n\t\t\t\t\t<div class=\"elementor-image-box-wrapper\"><figure class=\"elementor-image-box-img\"><img decoding=\"async\" width=\"300\" height=\"41\" src=\"https:\/\/www.acc-solutions.ch\/wp-content\/uploads\/2020\/11\/1200px-Jira_Software_logo.svg-300x41.png\" class=\"attachment-medium size-medium wp-image-4850\" alt=\"Jira Logo\" srcset=\"https:\/\/www.acc-solutions.ch\/wp-content\/uploads\/2020\/11\/1200px-Jira_Software_logo.svg-300x41.png 300w, https:\/\/www.acc-solutions.ch\/wp-content\/uploads\/2020\/11\/1200px-Jira_Software_logo.svg-1024x140.png 1024w, https:\/\/www.acc-solutions.ch\/wp-content\/uploads\/2020\/11\/1200px-Jira_Software_logo.svg-768x105.png 768w, https:\/\/www.acc-solutions.ch\/wp-content\/uploads\/2020\/11\/1200px-Jira_Software_logo.svg-16x2.png 16w, https:\/\/www.acc-solutions.ch\/wp-content\/uploads\/2020\/11\/1200px-Jira_Software_logo.svg.png 1200w\" sizes=\"(max-width: 300px) 100vw, 300px\" \/><\/figure><div class=\"elementor-image-box-content\"><h3 class=\"elementor-image-box-title\">Planen, verfolgen sowie verwalten Sie Anfragen und Projekte<\/h3><p class=\"elementor-image-box-description\"><br>\nSie brauchen Unterst\u00fctzung beim EInf\u00fchren von Jira, haben spezifische Fragen dazu oder k\u00f6nnten generellen Support ben\u00f6tigen?<br> Wir helfen Ihnen dabei IT H\u00fcrden zu bew\u00e4ltigen.<\/p><\/div><\/div>\t\t\t\t<\/div>\n\t\t\t\t<\/div>\n\t\t\t\t\t<\/div>\n\t\t<\/div>\n\t\t\t\t\t<\/div>\n\t\t<\/section>\n\t\t\t\t<section class=\"elementor-section elementor-top-section elementor-element elementor-element-3e4cc56 elementor-section-boxed elementor-section-height-default elementor-section-height-default\" data-id=\"3e4cc56\" data-element_type=\"section\" data-e-type=\"section\">\n\t\t\t\t\t\t<div class=\"elementor-container elementor-column-gap-default\">\n\t\t\t\t\t<div class=\"elementor-column elementor-col-100 elementor-top-column elementor-element elementor-element-27ccce4\" data-id=\"27ccce4\" data-element_type=\"column\" data-e-type=\"column\">\n\t\t\t<div class=\"elementor-widget-wrap elementor-element-populated\">\n\t\t\t\t\t\t<div class=\"elementor-element elementor-element-18d30cd elementor-widget elementor-widget-button\" data-id=\"18d30cd\" data-element_type=\"widget\" data-e-type=\"widget\" data-widget_type=\"button.default\">\n\t\t\t\t<div class=\"elementor-widget-container\">\n\t\t\t\t\t\t\t\t\t<div class=\"elementor-button-wrapper\">\n\t\t\t\t\t<a class=\"elementor-button elementor-button-link elementor-size-sm\" href=\"https:\/\/www.acc-solutions.ch\/de\/software\/?openchat=true\" id=\"offerings-button-js\">\n\t\t\t\t\t\t<span class=\"elementor-button-content-wrapper\">\n\t\t\t\t\t\t\t\t\t<span class=\"elementor-button-text\">Jetzt profitieren<\/span>\n\t\t\t\t\t<\/span>\n\t\t\t\t\t<\/a>\n\t\t\t\t<\/div>\n\t\t\t\t\t\t\t\t<\/div>\n\t\t\t\t<\/div>\n\t\t\t\t\t<\/div>\n\t\t<\/div>\n\t\t\t\t\t<\/div>\n\t\t<\/section>\n\t\t\t\t<section class=\"elementor-section elementor-top-section elementor-element elementor-element-1fbe74e elementor-section-boxed elementor-section-height-default elementor-section-height-default\" data-id=\"1fbe74e\" data-element_type=\"section\" data-e-type=\"section\">\n\t\t\t\t\t\t<div class=\"elementor-container elementor-column-gap-default\">\n\t\t\t\t\t<div class=\"elementor-column elementor-col-100 elementor-top-column elementor-element elementor-element-6bebd0a\" data-id=\"6bebd0a\" data-element_type=\"column\" data-e-type=\"column\">\n\t\t\t<div class=\"elementor-widget-wrap elementor-element-populated\">\n\t\t\t\t\t\t<div class=\"elementor-element elementor-element-7625c0f elementor-position-top elementor-widget elementor-widget-image-box\" data-id=\"7625c0f\" data-element_type=\"widget\" data-e-type=\"widget\" data-widget_type=\"image-box.default\">\n\t\t\t\t<div class=\"elementor-widget-container\">\n\t\t\t\t\t<div class=\"elementor-image-box-wrapper\"><figure class=\"elementor-image-box-img\"><img loading=\"lazy\" decoding=\"async\" width=\"300\" height=\"73\" src=\"https:\/\/www.acc-solutions.ch\/wp-content\/uploads\/2020\/11\/freshdesk-logo-1-300x73.png\" class=\"attachment-medium size-medium wp-image-4854\" alt=\"\" srcset=\"https:\/\/www.acc-solutions.ch\/wp-content\/uploads\/2020\/11\/freshdesk-logo-1-300x73.png 300w, https:\/\/www.acc-solutions.ch\/wp-content\/uploads\/2020\/11\/freshdesk-logo-1-1024x248.png 1024w, https:\/\/www.acc-solutions.ch\/wp-content\/uploads\/2020\/11\/freshdesk-logo-1-768x186.png 768w, https:\/\/www.acc-solutions.ch\/wp-content\/uploads\/2020\/11\/freshdesk-logo-1-16x4.png 16w, https:\/\/www.acc-solutions.ch\/wp-content\/uploads\/2020\/11\/freshdesk-logo-1.png 1042w\" sizes=\"(max-width: 300px) 100vw, 300px\" \/><\/figure><div class=\"elementor-image-box-content\"><h3 class=\"elementor-image-box-title\">Moderner Helpdesk mit Kundenportal, so geht's!<\/h3><p class=\"elementor-image-box-description\"><br>\nSie wollen Ihren Arbeitsfluss effizient mit einem Helpdesk kombinieren, aktive Kunden Interaktionen sowie live Auswertungen dazu?<br>\nMit freshdesk haben Sie zahllose M\u00f6glichkeiten Ihren Service Desk aufzur\u00fcsten und wir Unterst\u00fctzen Sie aktiv bei der Implementation, Umsetzung und Konfiguration.<\/p><\/div><\/div>\t\t\t\t<\/div>\n\t\t\t\t<\/div>\n\t\t\t\t\t<\/div>\n\t\t<\/div>\n\t\t\t\t\t<\/div>\n\t\t<\/section>\n\t\t\t\t<section class=\"elementor-section elementor-top-section elementor-element elementor-element-f21bc98 elementor-section-boxed elementor-section-height-default elementor-section-height-default\" data-id=\"f21bc98\" data-element_type=\"section\" data-e-type=\"section\">\n\t\t\t\t\t\t<div class=\"elementor-container elementor-column-gap-default\">\n\t\t\t\t\t<div class=\"elementor-column elementor-col-100 elementor-top-column elementor-element elementor-element-47da4c7\" data-id=\"47da4c7\" data-element_type=\"column\" data-e-type=\"column\">\n\t\t\t<div class=\"elementor-widget-wrap elementor-element-populated\">\n\t\t\t\t\t\t<div class=\"elementor-element elementor-element-5c078af elementor-widget elementor-widget-button\" data-id=\"5c078af\" data-element_type=\"widget\" data-e-type=\"widget\" data-widget_type=\"button.default\">\n\t\t\t\t<div class=\"elementor-widget-container\">\n\t\t\t\t\t\t\t\t\t<div class=\"elementor-button-wrapper\">\n\t\t\t\t\t<a class=\"elementor-button elementor-button-link elementor-size-sm\" href=\"https:\/\/www.acc-solutions.ch\/de\/software\/?openchat=true\" id=\"offerings-button-fd\">\n\t\t\t\t\t\t<span class=\"elementor-button-content-wrapper\">\n\t\t\t\t\t\t\t\t\t<span class=\"elementor-button-text\">Jetzt profitieren<\/span>\n\t\t\t\t\t<\/span>\n\t\t\t\t\t<\/a>\n\t\t\t\t<\/div>\n\t\t\t\t\t\t\t\t<\/div>\n\t\t\t\t<\/div>\n\t\t\t\t\t<\/div>\n\t\t<\/div>\n\t\t\t\t\t<\/div>\n\t\t<\/section>\n\t\t\t\t<section class=\"elementor-section elementor-top-section elementor-element elementor-element-4c1d749 elementor-section-boxed elementor-section-height-default elementor-section-height-default\" data-id=\"4c1d749\" data-element_type=\"section\" data-e-type=\"section\">\n\t\t\t\t\t\t<div class=\"elementor-container elementor-column-gap-default\">\n\t\t\t\t\t<div class=\"elementor-column elementor-col-100 elementor-top-column elementor-element elementor-element-9b94f44\" data-id=\"9b94f44\" data-element_type=\"column\" data-e-type=\"column\">\n\t\t\t<div class=\"elementor-widget-wrap elementor-element-populated\">\n\t\t\t\t\t\t<div class=\"elementor-element elementor-element-1dec14c elementor-position-top elementor-widget elementor-widget-image-box\" data-id=\"1dec14c\" data-element_type=\"widget\" data-e-type=\"widget\" data-widget_type=\"image-box.default\">\n\t\t\t\t<div class=\"elementor-widget-container\">\n\t\t\t\t\t<div class=\"elementor-image-box-wrapper\"><figure class=\"elementor-image-box-img\"><img loading=\"lazy\" decoding=\"async\" width=\"300\" height=\"214\" src=\"https:\/\/www.acc-solutions.ch\/wp-content\/uploads\/2020\/11\/1280px-Zendesk_logo.svg-300x214.png\" class=\"attachment-medium size-medium wp-image-4862\" alt=\"\" srcset=\"https:\/\/www.acc-solutions.ch\/wp-content\/uploads\/2020\/11\/1280px-Zendesk_logo.svg-300x214.png 300w, https:\/\/www.acc-solutions.ch\/wp-content\/uploads\/2020\/11\/1280px-Zendesk_logo.svg-1024x730.png 1024w, https:\/\/www.acc-solutions.ch\/wp-content\/uploads\/2020\/11\/1280px-Zendesk_logo.svg-768x548.png 768w, https:\/\/www.acc-solutions.ch\/wp-content\/uploads\/2020\/11\/1280px-Zendesk_logo.svg-16x12.png 16w, https:\/\/www.acc-solutions.ch\/wp-content\/uploads\/2020\/11\/1280px-Zendesk_logo.svg.png 1280w\" sizes=\"(max-width: 300px) 100vw, 300px\" \/><\/figure><div class=\"elementor-image-box-content\"><h3 class=\"elementor-image-box-title\">Customer Service an erster Priorit\u00e4t<\/h3><p class=\"elementor-image-box-description\"><br>\nSie m\u00f6chten eine \u00dcbersicht zu Ihrer Kundenkommunikation, ein mobile friendly Kundenportal und eigene Statistiken erstellen?<br>\nMit Zendesk steht exellentem customer service nichts im Weg!<\/p><\/div><\/div>\t\t\t\t<\/div>\n\t\t\t\t<\/div>\n\t\t\t\t\t<\/div>\n\t\t<\/div>\n\t\t\t\t\t<\/div>\n\t\t<\/section>\n\t\t\t\t<section class=\"elementor-section elementor-top-section elementor-element elementor-element-42f5cb3 elementor-section-boxed elementor-section-height-default elementor-section-height-default\" data-id=\"42f5cb3\" data-element_type=\"section\" data-e-type=\"section\">\n\t\t\t\t\t\t<div class=\"elementor-container elementor-column-gap-default\">\n\t\t\t\t\t<div class=\"elementor-column elementor-col-100 elementor-top-column elementor-element elementor-element-40fd0d0\" data-id=\"40fd0d0\" data-element_type=\"column\" data-e-type=\"column\">\n\t\t\t<div class=\"elementor-widget-wrap elementor-element-populated\">\n\t\t\t\t\t\t<div class=\"elementor-element elementor-element-1c74320 elementor-widget elementor-widget-button\" data-id=\"1c74320\" data-element_type=\"widget\" data-e-type=\"widget\" data-widget_type=\"button.default\">\n\t\t\t\t<div class=\"elementor-widget-container\">\n\t\t\t\t\t\t\t\t\t<div class=\"elementor-button-wrapper\">\n\t\t\t\t\t<a class=\"elementor-button elementor-button-link elementor-size-sm\" href=\"https:\/\/www.acc-solutions.ch\/de\/software\/?openchat=true\" id=\"offerings-button-zd\">\n\t\t\t\t\t\t<span class=\"elementor-button-content-wrapper\">\n\t\t\t\t\t\t\t\t\t<span class=\"elementor-button-text\">Jetzt profitieren<\/span>\n\t\t\t\t\t<\/span>\n\t\t\t\t\t<\/a>\n\t\t\t\t<\/div>\n\t\t\t\t\t\t\t\t<\/div>\n\t\t\t\t<\/div>\n\t\t\t\t\t<\/div>\n\t\t<\/div>\n\t\t\t\t\t<\/div>\n\t\t<\/section>\n\t\t\t\t<\/div>\n\t\t","protected":false},"excerpt":{"rendered":"<p>Top Kunden-Service Business L\u00f6sung, massgeschneidert f\u00fcr Ihre Wertsch\u00f6pfungskette, mehr als nur Software! Know-how inklusive, als Software as a Service in 1-2 Wochen live f\u00fcr Ihre Prozesse Fehlende Transparenz, zuviel Software und zuwenig \u00dcbersicht? Mit dem Service Champion k\u00f6nnen Ihre vorhandenen System einfach eingebunden werden. Sie erhalten eine 360 Grad Sicht auf Ihre Daten und KPIs [&hellip;]<\/p>\n","protected":false},"author":1,"featured_media":0,"parent":0,"menu_order":0,"comment_status":"closed","ping_status":"closed","template":"","meta":{"footnotes":""},"class_list":["post-4849","page","type-page","status-publish","hentry"],"_links":{"self":[{"href":"https:\/\/www.acc-solutions.ch\/de\/wp-json\/wp\/v2\/pages\/4849","targetHints":{"allow":["GET"]}}],"collection":[{"href":"https:\/\/www.acc-solutions.ch\/de\/wp-json\/wp\/v2\/pages"}],"about":[{"href":"https:\/\/www.acc-solutions.ch\/de\/wp-json\/wp\/v2\/types\/page"}],"author":[{"embeddable":true,"href":"https:\/\/www.acc-solutions.ch\/de\/wp-json\/wp\/v2\/users\/1"}],"replies":[{"embeddable":true,"href":"https:\/\/www.acc-solutions.ch\/de\/wp-json\/wp\/v2\/comments?post=4849"}],"version-history":[{"count":122,"href":"https:\/\/www.acc-solutions.ch\/de\/wp-json\/wp\/v2\/pages\/4849\/revisions"}],"predecessor-version":[{"id":6281,"href":"https:\/\/www.acc-solutions.ch\/de\/wp-json\/wp\/v2\/pages\/4849\/revisions\/6281"}],"wp:attachment":[{"href":"https:\/\/www.acc-solutions.ch\/de\/wp-json\/wp\/v2\/media?parent=4849"}],"curies":[{"name":"wp","href":"https:\/\/api.w.org\/{rel}","templated":true}]}}